{"id":69,"date":"2025-06-23T23:13:30","date_gmt":"2025-06-23T23:13:30","guid":{"rendered":"https:\/\/www.markgrensagronomi.se\/?page_id=69"},"modified":"2025-06-25T06:09:29","modified_gmt":"2025-06-25T06:09:29","slug":"valkommen","status":"publish","type":"page","link":"https:\/\/www.markgrensagronomi.se\/","title":{"rendered":"Markgrens Agronomi"},"content":{"rendered":"<div class=\"aligncenter wp-block-site-logo\"><a href=\"https:\/\/www.markgrensagronomi.se\/\" class=\"custom-logo-link\" rel=\"home\"><img loading=\"lazy\" decoding=\"async\" width=\"242\" height=\"416\" src=\"https:\/\/www.markgrensagronomi.se\/wp-content\/uploads\/2025\/06\/logo35.jpg\" class=\"custom-logo\" alt=\"Markgrens Agronomi\" srcset=\"https:\/\/www.markgrensagronomi.se\/wp-content\/uploads\/2025\/06\/logo35.jpg 300w, https:\/\/www.markgrensagronomi.se\/wp-content\/uploads\/2025\/06\/logo35-174x300.jpg 174w\" sizes=\"auto, (max-width: 242px) 100vw, 242px\" \/><\/a><\/div>\n\n\n<p class=\"has-text-align-center\">Markgrens agronomi \u00e4r en nystartad r\u00e5dgivningsfirma med m\u00e5ls\u00e4ttningen att ge dig innovativa r\u00e5d inom lantbruk genom att vetenskapligt modellera och analysera insamlade data.<\/p>\n\n\n\n<p class=\"has-text-align-center\">Nedan f\u00f6ljer n\u00e5gra exempel p\u00e5 r\u00e5dgivning som erbjuds:<\/p>\n\n\n\n<ul class=\"wp-block-list\">\n<li>Dataanalys av odlingar f\u00f6r att finna samband mellan sk\u00f6rd och odlingsfaktorer. Detta kan exempelvis inneb\u00e4ra statistisk analys och modellanalys av t.ex. markkarteringar, sk\u00f6rdekartor och insatser.<\/li>\n<\/ul>\n\n\n\n<ul class=\"wp-block-list\">\n<li>Kontinuerlig uppf\u00f6ljning av gr\u00f6dans tillv\u00e4xtindex genom v\u00e4xts\u00e4songen f\u00f6r att uppt\u00e4cka problemomr\u00e5den.<\/li>\n<\/ul>\n\n\n\n<figure class=\"wp-block-image size-large\"><img loading=\"lazy\" decoding=\"async\" width=\"1024\" height=\"576\" src=\"https:\/\/www.markgrensagronomi.se\/wp-content\/uploads\/2025\/03\/pic2-1024x576.png\" alt=\"\" class=\"wp-image-14\" srcset=\"https:\/\/www.markgrensagronomi.se\/wp-content\/uploads\/2025\/03\/pic2-1024x576.png 1024w, https:\/\/www.markgrensagronomi.se\/wp-content\/uploads\/2025\/03\/pic2-300x169.png 300w, https:\/\/www.markgrensagronomi.se\/wp-content\/uploads\/2025\/03\/pic2-768x432.png 768w, https:\/\/www.markgrensagronomi.se\/wp-content\/uploads\/2025\/03\/pic2.png 1280w\" sizes=\"auto, (max-width: 1024px) 100vw, 1024px\" \/><figcaption class=\"wp-element-caption\">Exempel p\u00e5 visualisering av biomassaindex f\u00f6r ett rapsf\u00e4lt, f\u00f6r att f\u00e5 en \u00f6versikt avgr\u00f6dans tillv\u00e4xt<\/figcaption><\/figure>\n\n\n\n<ul class=\"wp-block-list\">\n<li>Statistisk j\u00e4mf\u00f6relse mot andra kunder f\u00f6r att finna f\u00f6rb\u00e4ttringsutrymmen.<\/li>\n<\/ul>\n\n\n\n<figure class=\"wp-block-image size-large\"><img loading=\"lazy\" decoding=\"async\" width=\"1024\" height=\"576\" src=\"https:\/\/www.markgrensagronomi.se\/wp-content\/uploads\/2025\/03\/pic3-1024x576.png\" alt=\"\" class=\"wp-image-15\" srcset=\"https:\/\/www.markgrensagronomi.se\/wp-content\/uploads\/2025\/03\/pic3-1024x576.png 1024w, https:\/\/www.markgrensagronomi.se\/wp-content\/uploads\/2025\/03\/pic3-300x169.png 300w, https:\/\/www.markgrensagronomi.se\/wp-content\/uploads\/2025\/03\/pic3-768x432.png 768w, https:\/\/www.markgrensagronomi.se\/wp-content\/uploads\/2025\/03\/pic3.png 1280w\" sizes=\"auto, (max-width: 1024px) 100vw, 1024px\" \/><figcaption class=\"wp-element-caption\">Exempel p\u00e5 statistisk j\u00e4mf\u00f6relse av tillv\u00e4xt mellan flera skiften i formen av boxplots.<\/figcaption><\/figure>\n\n\n\n<ul class=\"wp-block-list\">\n<li>R\u00e5dgivningsutskick baserad p\u00e5 insamlade data fr\u00e5n kunder, f\u00f6rs\u00f6k och vetenskaplig litteratur.<\/li>\n<\/ul>\n\n\n\n<figure class=\"wp-block-image size-large\"><img loading=\"lazy\" decoding=\"async\" width=\"1024\" height=\"576\" src=\"https:\/\/www.markgrensagronomi.se\/wp-content\/uploads\/2025\/03\/PIC6-1024x576.png\" alt=\"\" class=\"wp-image-16\" srcset=\"https:\/\/www.markgrensagronomi.se\/wp-content\/uploads\/2025\/03\/PIC6-1024x576.png 1024w, https:\/\/www.markgrensagronomi.se\/wp-content\/uploads\/2025\/03\/PIC6-300x169.png 300w, https:\/\/www.markgrensagronomi.se\/wp-content\/uploads\/2025\/03\/PIC6-768x432.png 768w, https:\/\/www.markgrensagronomi.se\/wp-content\/uploads\/2025\/03\/PIC6.png 1280w\" sizes=\"auto, (max-width: 1024px) 100vw, 1024px\" \/><\/figure>\n\n\n\n<h2 class=\"wp-block-heading has-text-align-center\">Joel Markgren-kort om mig som r\u00e5dgivare<\/h2>\n\n\n\n<p class=\"has-text-align-center\">Mitt intresse \u00e4r att ge r\u00e5d \u00e5t kunder genom att analysera den stora m\u00e4ngd data som m\u00e5nga lantbrukare har tillg\u00e5ng till, men som \u00e4r utmanande att bearbeta. Syftet med mitt angrepps\u00e4tt \u00e4r att finna vilka faktorer som statistiskt samvarierar med sk\u00f6rd, utv\u00e4rdera den variationens inneb\u00f6rd och ge r\u00e5d utifr\u00e5n det. Angrepps\u00e4ttet har utvecklats under mina tidigare r\u00e5dgivningstj\u00e4nster f\u00f6r NLR (Norsk Lantbruks R\u00e5dgivning) utanf\u00f6r Oslo och Lovanggruppen utanf\u00f6r Link\u00f6ping i \u00d6sterg\u00f6tland. Konceptet \u00e4r fortfarande nytt, men har med pilotkunder sett lovande resultat.<\/p>\n\n\n\n<figure class=\"wp-block-image size-large\"><img loading=\"lazy\" decoding=\"async\" width=\"1024\" height=\"576\" src=\"https:\/\/www.markgrensagronomi.se\/wp-content\/uploads\/2025\/03\/pic5-1024x576.png\" alt=\"\" class=\"wp-image-17\" srcset=\"https:\/\/www.markgrensagronomi.se\/wp-content\/uploads\/2025\/03\/pic5-1024x576.png 1024w, https:\/\/www.markgrensagronomi.se\/wp-content\/uploads\/2025\/03\/pic5-300x169.png 300w, https:\/\/www.markgrensagronomi.se\/wp-content\/uploads\/2025\/03\/pic5-768x432.png 768w, https:\/\/www.markgrensagronomi.se\/wp-content\/uploads\/2025\/03\/pic5.png 1280w\" sizes=\"auto, (max-width: 1024px) 100vw, 1024px\" \/><\/figure>\n\n\n\n<p class=\"has-text-align-center\">Inspiration till min r\u00e5dgivning kommer fr\u00e5n min doktorandtid p\u00e5 Sveriges lantbruksuniversitet och min nuvarande forskartj\u00e4nst p\u00e5 F\u00f6rsvarsh\u00f6gskolan, d\u00e4r jag har utvecklat och fortfarande utvecklar vetenskapliga modeller f\u00f6r att f\u00f6rst\u00e5 b\u00e5de biologiska proteinsystem, men \u00e4ven svensk infrastruktur.<\/p>\n\n\n\n<p class=\"has-text-align-center\">Intresset f\u00f6r lantbruk har jag haft sedan jag varit liten och d\u00e4rf\u00f6r studerade jag vid Sveriges lantbruksuniversitet i Ultuna d\u00e4r jag tog ut en mark-\/v\u00e4xt-agronomexamen och en master i biologi. Innan dess arbetade jag praktiskt flera somrar p\u00e5 g\u00e5rd n\u00e4r jag gick p\u00e5 naturbruksgymnasiet i Vreta Kloster.<\/p>\n\n\n\n<p class=\"has-text-align-center\">\u00c4r du intresserad av verksamheten och vill veta mer? Tveka inte att ta kontakt p\u00e5: <a href=\"mailto:kontakt@markgrensagronomi.se\">kontakt@markgrensagronomi.se<\/a><\/p>\n","protected":false},"excerpt":{"rendered":"<p>Markgrens agronomi \u00e4r en nystartad r\u00e5dgivningsfirma med m\u00e5ls\u00e4ttningen att ge dig innovativa r\u00e5d inom lantbruk genom att vetenskapligt modellera och analysera insamlade data. Nedan f\u00f6ljer n\u00e5gra exempel p\u00e5 r\u00e5dgivning som erbjuds: Joel Markgren-kort om mig som r\u00e5dgivare Mitt intresse \u00e4r att ge r\u00e5d \u00e5t kunder genom att analysera den stora m\u00e4ngd data som m\u00e5nga lantbrukare [&hellip;]<\/p>\n","protected":false},"author":1,"featured_media":0,"parent":0,"menu_order":0,"comment_status":"closed","ping_status":"closed","template":"","meta":{"footnotes":""},"class_list":["post-69","page","type-page","status-publish","hentry"],"_links":{"self":[{"href":"https:\/\/www.markgrensagronomi.se\/index.php?rest_route=\/wp\/v2\/pages\/69","targetHints":{"allow":["GET"]}}],"collection":[{"href":"https:\/\/www.markgrensagronomi.se\/index.php?rest_route=\/wp\/v2\/pages"}],"about":[{"href":"https:\/\/www.markgrensagronomi.se\/index.php?rest_route=\/wp\/v2\/types\/page"}],"author":[{"embeddable":true,"href":"https:\/\/www.markgrensagronomi.se\/index.php?rest_route=\/wp\/v2\/users\/1"}],"replies":[{"embeddable":true,"href":"https:\/\/www.markgrensagronomi.se\/index.php?rest_route=%2Fwp%2Fv2%2Fcomments&post=69"}],"version-history":[{"count":5,"href":"https:\/\/www.markgrensagronomi.se\/index.php?rest_route=\/wp\/v2\/pages\/69\/revisions"}],"predecessor-version":[{"id":75,"href":"https:\/\/www.markgrensagronomi.se\/index.php?rest_route=\/wp\/v2\/pages\/69\/revisions\/75"}],"wp:attachment":[{"href":"https:\/\/www.markgrensagronomi.se\/index.php?rest_route=%2Fwp%2Fv2%2Fmedia&parent=69"}],"curies":[{"name":"wp","href":"https:\/\/api.w.org\/{rel}","templated":true}]}}